{"id":2943,"date":"2023-12-09T00:11:09","date_gmt":"2023-12-08T23:11:09","guid":{"rendered":"https:\/\/schwimmschulerothrist.ch\/?page_id=2943"},"modified":"2026-02-22T23:05:27","modified_gmt":"2026-02-22T22:05:27","slug":"preise","status":"publish","type":"page","link":"https:\/\/schwimmschulerothrist.ch\/?page_id=2943","title":{"rendered":"Preise"},"content":{"rendered":"\t\t<div data-elementor-type=\"wp-page\" data-elementor-id=\"2943\" class=\"elementor elementor-2943\" data-elementor-post-type=\"page\">\n\t\t\t\t\t\t<section class=\"elementor-section elementor-top-section elementor-element elementor-element-ff7e5cb elementor-section-boxed elementor-section-height-default elementor-section-height-default\" data-id=\"ff7e5cb\" data-element_type=\"section\" data-e-type=\"section\">\n\t\t\t\t\t\t<div class=\"elementor-container elementor-column-gap-default\">\n\t\t\t\t\t<div class=\"elementor-column elementor-col-100 elementor-top-column elementor-element elementor-element-df638d9\" data-id=\"df638d9\" data-element_type=\"column\" data-e-type=\"column\">\n\t\t\t<div class=\"elementor-widget-wrap elementor-element-populated\">\n\t\t\t\t\t\t<div class=\"elementor-element elementor-element-1edc3d7 elementor-widget__width-initial elementor-widget elementor-widget-text-editor\" data-id=\"1edc3d7\" data-element_type=\"widget\" data-e-type=\"widget\" data-widget_type=\"text-editor.default\">\n\t\t\t\t<div class=\"elementor-widget-container\">\n\t\t\t\t\t\t\t\t\t<p class=\"MsoNormal\"><span style=\"color: #000000;\"><b><span style=\"font-size: 18.0pt; line-height: 107%;\">Alle Gruppenkurse Preise exkl. Hallenbadeintritt,\u00a0<\/span><\/b><\/span><b style=\"color: #000000; font-family: var( --e-global-typography-text-font-family ), Sans-serif; font-size: 1rem;\"><span style=\"font-size: 18.0pt; line-height: 107%;\">inkl. Administration<\/span><\/b><\/p><p class=\"MsoNormal\"><span style=\"color: #000000;\"><b><span style=\"font-size: 18.0pt; line-height: 107%;\">siehe unter <a href=\"https:\/\/schwimmschulerothrist.ch\/?page_id=4674\"><span style=\"text-decoration: underline;\">Kurse<\/span><\/a><\/span><\/b><\/span><\/p><p class=\"MsoNormal\"><span style=\"color: #000000;\"><b><span style=\"font-size: 18.0pt; line-height: 107%;\">\u00a0<\/span><\/b><\/span><\/p><p class=\"MsoNormal\"><span style=\"color: #000000;\"><b><span style=\"font-size: 14.0pt; line-height: 107%;\">\u00a0<\/span><\/b><\/span><\/p><p class=\"MsoNormal\"><span style=\"color: #000000;\"><b><span style=\"font-size: 18.0pt; line-height: 107%;\">Privat Kurse Kinder und Erwachsene auf Anfrage<\/span><\/b><\/span><\/p><p class=\"MsoNormal\"><span style=\"color: #000000;\"><b><span style=\"font-size: 14.0pt; line-height: 107%;\">\u00a0<\/span><\/b><\/span><\/p><p class=\"MsoNormal\"><span style=\"font-size: 14pt; line-height: 107%; color: #000000;\">Privat 1 Person \/ 30 min<\/span><span style=\"color: #000000; font-size: 14pt; font-family: var( --e-global-typography-text-font-family ), Sans-serif; font-weight: var( --e-global-typography-text-font-weight );\">\u00a0 \u00a0 \u00a0 \u00a0 \u00a0 \u00a0 \u00a0 \u00a0 \u00a0 \u00a0 \u00a0 \u00a0 \u00a0 \u00a0 \u00a0 \u00a0 \u00a0 CHF 65.00<\/span><\/p><p class=\"MsoNormal\"><span style=\"font-size: 14pt; line-height: 107%; color: #000000;\">Halbprivat 2 Personen \/ 30 min<\/span><\/p><p class=\"MsoNormal\"><span style=\"font-size: 14pt; line-height: 107%; color: #000000;\">je Person\u00a0 \u00a0 \u00a0 \u00a0 \u00a0 \u00a0 \u00a0 \u00a0 \u00a0 \u00a0 \u00a0 \u00a0 \u00a0 \u00a0 \u00a0 \u00a0 \u00a0 \u00a0 \u00a0 \u00a0 \u00a0 \u00a0 \u00a0 \u00a0 \u00a0 \u00a0 \u00a0 \u00a0 \u00a0 \u00a0 \u00a0CHF 40.00<\/span><\/p><p class=\"MsoNormal\"><span style=\"font-size: 14pt; line-height: 107%; color: #000000;\">Privat 3 Personen \/ 30 min\u00a0\u00a0\u00a0\u00a0\u00a0\u00a0\u00a0\u00a0\u00a0\u00a0\u00a0\u00a0\u00a0\u00a0\u00a0\u00a0\u00a0\u00a0\u00a0\u00a0\u00a0<\/span><\/p><p class=\"MsoNormal\"><span style=\"font-size: 14pt; line-height: 107%; color: #000000;\">je Person\u00a0 \u00a0 \u00a0 \u00a0 \u00a0 \u00a0 \u00a0 \u00a0 \u00a0 \u00a0 \u00a0 \u00a0 \u00a0 \u00a0 \u00a0 \u00a0 \u00a0 \u00a0 \u00a0 \u00a0 \u00a0 \u00a0 \u00a0 \u00a0 \u00a0 \u00a0 \u00a0 \u00a0 \u00a0 \u00a0 \u00a0CHF 30.00<\/span><\/p><p class=\"MsoNormal\"><span style=\"color: #000000;\"><b><span style=\"font-size: 14.0pt; line-height: 107%;\">\u00a0<\/span><\/b><\/span><\/p><p class=\"MsoNormal\"><span style=\"color: #000000;\"><b><span style=\"font-size: 14.0pt; line-height: 107%;\">\u00a0<\/span><\/b><\/span><\/p><p class=\"MsoNormal\"><span style=\"color: #000000;\"><b><span style=\"font-size: 14.0pt; line-height: 107%;\">1 Lektion Baby-, ELKI-, Kinder-, Erwachsenschwimm Kurse dauern 30 min<\/span><\/b><\/span><\/p><p class=\"MsoNormal\"><span style=\"color: #000000;\"><b><span style=\"font-size: 14.0pt; line-height: 107%;\">1 Lektion Schwimmtraining Jugendlich Kurse dauern 45 min<\/span><\/b><\/span><\/p><p class=\"MsoNormal\"><span style=\"color: #000000;\"><b><span style=\"font-size: 14.0pt; line-height: 107%;\">\u00a0<\/span><\/b><\/span><\/p><p class=\"MsoNormal\"><span style=\"color: #000000;\"><b><span style=\"font-size: 14.0pt; line-height: 107%;\">Darin ist enthalten: Kinder in Garderobe abholen, Anwesenheitskontrolle<\/span><\/b><\/span><\/p><p class=\"MsoNormal\"><span style=\"color: #000000;\"><b><span style=\"font-size: 14.0pt; line-height: 107%;\">Informationen f\u00fcr Kursteilnehmer (wird kurzgehalten und nur wenn n\u00f6tig)<\/span><\/b><\/span><\/p><p class=\"MsoNormal\"><span style=\"color: #000000;\"><b><span style=\"font-size: 14.0pt; line-height: 107%;\">Zur\u00fcckbringen in Garderobe, \u00dcbergang zur n\u00e4chsten Lektion<\/span><\/b><\/span><\/p><p class=\"MsoNormal\"><span style=\"color: #000000;\"><b><span style=\"font-size: 14.0pt; line-height: 107%;\">Wir bitten um Verst\u00e4ndnis, das die Kursleiterin keine Zeit hat, um Fragen zu beantworten, bitte Mail oder ein Whats App schreiben.<\/span><\/b><\/span><\/p><p class=\"MsoNormal\"><span style=\"color: #000000;\"><b><span style=\"font-size: 14.0pt; line-height: 107%;\">Telefon Nr. von Kursleiterin finden Sie auf der Kursbest\u00e4tigung<\/span><\/b><\/span><\/p><p class=\"MsoNormal\"><span style=\"color: #000000;\"><b><span style=\"font-size: 14.0pt; line-height: 107%;\">Oder Anfrage bei mir Conny K\u00f6nig 078 \/ 705 37 45<\/span><\/b><\/span><\/p>\t\t\t\t\t\t\t\t<\/div>\n\t\t\t\t<\/div>\n\t\t\t\t\t<\/div>\n\t\t<\/div>\n\t\t\t\t\t<\/div>\n\t\t<\/section>\n\t\t\t\t<\/div>\n\t\t","protected":false},"excerpt":{"rendered":"<p>Alle Gruppenkurse Preise exkl. Hallenbadeintritt,\u00a0inkl. Administration siehe unter Kurse \u00a0 \u00a0 Privat Kurse Kinder und Erwachsene auf Anfrage \u00a0 Privat 1 Person \/ 30 min\u00a0 \u00a0 \u00a0 \u00a0 \u00a0 \u00a0 \u00a0 \u00a0 \u00a0 \u00a0 \u00a0 \u00a0 \u00a0 \u00a0 \u00a0 \u00a0 \u00a0 CHF 65.00 Halbprivat 2 Personen \/ 30 min je Person\u00a0 \u00a0 \u00a0 \u00a0 \u00a0 &hellip; <\/p>\n<p class=\"link-more\"><a href=\"https:\/\/schwimmschulerothrist.ch\/?page_id=2943\" class=\"more-link\"><span class=\"screen-reader-text\">\u201ePreise\u201c <\/span>weiterlesen<\/a><\/p>\n","protected":false},"author":1,"featured_media":0,"parent":0,"menu_order":0,"comment_status":"closed","ping_status":"closed","template":"","meta":{"footnotes":""},"class_list":["post-2943","page","type-page","status-publish","hentry"],"_links":{"self":[{"href":"https:\/\/schwimmschulerothrist.ch\/index.php?rest_route=\/wp\/v2\/pages\/2943","targetHints":{"allow":["GET"]}}],"collection":[{"href":"https:\/\/schwimmschulerothrist.ch\/index.php?rest_route=\/wp\/v2\/pages"}],"about":[{"href":"https:\/\/schwimmschulerothrist.ch\/index.php?rest_route=\/wp\/v2\/types\/page"}],"author":[{"embeddable":true,"href":"https:\/\/schwimmschulerothrist.ch\/index.php?rest_route=\/wp\/v2\/users\/1"}],"replies":[{"embeddable":true,"href":"https:\/\/schwimmschulerothrist.ch\/index.php?rest_route=%2Fwp%2Fv2%2Fcomments&post=2943"}],"version-history":[{"count":42,"href":"https:\/\/schwimmschulerothrist.ch\/index.php?rest_route=\/wp\/v2\/pages\/2943\/revisions"}],"predecessor-version":[{"id":4710,"href":"https:\/\/schwimmschulerothrist.ch\/index.php?rest_route=\/wp\/v2\/pages\/2943\/revisions\/4710"}],"wp:attachment":[{"href":"https:\/\/schwimmschulerothrist.ch\/index.php?rest_route=%2Fwp%2Fv2%2Fmedia&parent=2943"}],"curies":[{"name":"wp","href":"https:\/\/api.w.org\/{rel}","templated":true}]}}