{"id":497,"date":"2019-01-11T19:23:51","date_gmt":"2019-01-11T19:23:51","guid":{"rendered":"https:\/\/schwimmschulerothrist.ch\/?page_id=497"},"modified":"2021-03-20T14:32:43","modified_gmt":"2021-03-20T13:32:43","slug":"agb","status":"publish","type":"page","link":"https:\/\/schwimmschulerothrist.ch\/?page_id=497","title":{"rendered":"AGB"},"content":{"rendered":"\t\t<div data-elementor-type=\"wp-post\" data-elementor-id=\"497\" class=\"elementor elementor-497\" data-elementor-post-type=\"page\">\n\t\t\t\t\t\t<section class=\"elementor-section elementor-top-section elementor-element elementor-element-3556a655 elementor-section-stretched elementor-section-boxed elementor-section-height-default elementor-section-height-default\" data-id=\"3556a655\" data-element_type=\"section\" data-e-type=\"section\" data-settings=\"{&quot;stretch_section&quot;:&quot;section-stretched&quot;}\">\n\t\t\t\t\t\t<div class=\"elementor-container elementor-column-gap-default\">\n\t\t\t\t\t<div class=\"elementor-column elementor-col-100 elementor-top-column elementor-element elementor-element-6e2e4cec\" data-id=\"6e2e4cec\" data-element_type=\"column\" data-e-type=\"column\">\n\t\t\t<div class=\"elementor-widget-wrap elementor-element-populated\">\n\t\t\t\t\t\t<div class=\"elementor-element elementor-element-d0499bc elementor-widget elementor-widget-heading\" data-id=\"d0499bc\" data-element_type=\"widget\" data-e-type=\"widget\" data-widget_type=\"heading.default\">\n\t\t\t\t<div class=\"elementor-widget-container\">\n\t\t\t\t\t<h3 class=\"elementor-heading-title elementor-size-default\">Allgemeine Gesch\u00e4ftsbedingungen<\/h3>\t\t\t\t<\/div>\n\t\t\t\t<\/div>\n\t\t\t\t<div class=\"elementor-element elementor-element-571a3924 elementor-widget elementor-widget-text-editor\" data-id=\"571a3924\" data-element_type=\"widget\" data-e-type=\"widget\" data-widget_type=\"text-editor.default\">\n\t\t\t\t<div class=\"elementor-widget-container\">\n\t\t\t\t\t\t\t\t\t<p><strong style=\"font-family: var( --e-global-typography-text-font-family ), Sans-serif; font-size: 1rem; color: rgb(0, 0, 0);\">Kursanmeldungen<\/strong><br><\/p>\n<p><span style=\"color: #000000;\">Die Anmeldung erfolgt \u00fcber unsere Home Page und werden als verbindlich betrachtet.<\/span><\/p>\n<p><span style=\"color: #000000;\">Die Pl\u00e4tze werden nach Eingang ber\u00fccksichtigt solange freie Pl\u00e4tze vorhanden sind.<\/span><\/p>\n<p><span style=\"color: #000000;\">Die definitive Kursbest\u00e4tigung mit den Schwimmzeiten und die Rechnung erhalten sie sp\u00e4testens 14 Tage vor Kursbeginn per Mail \/ Post.<\/span><\/p>\n<p><span style=\"color: #000000;\">Der Kursplatz lautet auf das angemeldete Kind \/ den Jugendlichen \/ den Erwachsenen und ist nicht \u00fcbertragbar.<\/span><\/p>\n<p><span style=\"color: #000000;\">Wir bieten Semesterbl\u00f6cke von ca. 16 Lektionen an<\/span><\/p>\n<p><span style=\"color: #000000;\">Hier hat Ihr Kind die Chance 1-2 Abzeichen zu erlernen. Wir richten uns nach seinem Rhythmus. Beachten Sie, dass sich die Kursleitung oder die Kurszeit minimal \u00e4ndern kann.<\/span><\/p>\n<p><span style=\"color: #000000;\"><strong>Korrespondenz<\/strong><\/span><\/p>\n<p><span style=\"color: #000000;\">Absenzen bitte per Telefon oder SMS direkt an die zust\u00e4ndige Schwimmlehrperson. Die Telefonnummer ist auf der Kursbest\u00e4tigung ersichtlich.<\/span><\/p>\n<p><span style=\"color: #000000;\"><strong>Zahlungsbedingungen und Kosten<\/strong><\/span><\/p>\n<p><span style=\"color: #000000;\">Die Kurskosten sind nach erhalten der Rechnung innert 10 Tagen zu bezahlen, eine Barzahlung ist nicht m\u00f6glich. Bei versp\u00e4teter Einzahlung, bitte die Quittung am ersten Kurstag mit ins Bad mitbringen. Bei fehlender Zahlung hat das Kind keine Berechtigung zur Teilnahme am Schwimmkurs<\/span><\/p>\n<p><span style=\"color: #000000;\">Mahnspesen belaufen sich auf Fr. 20.&#8211;<\/span><\/p>\n<p><span style=\"color: #000000;\">Kursgelder werden keine zur\u00fcckerstattet. Bei Kursausf\u00e4llen, welche aufgrund h\u00f6herer Gewalt (Schliessung des Hallenbades durch Betriebsst\u00f6rung, beh\u00f6rdliche Anordnungen, Naturkatastrophen, Feuer etc. passieren) werden keine Kursgelder zur\u00fcckerstattet.<\/span><\/p>\n<p><span style=\"color: #000000;\">Wir behalten uns vor die Kurskosten bei Erh\u00f6hung der Infrastruktur und Betriebskosten den Gegebenheiten anzupassen<\/span><\/p>\n<p><span style=\"color: #000000;\"><strong>Absenzen<\/strong><\/span><\/p>\n<p><span style=\"color: #000000;\">Vers\u00e4umte Lektionen k\u00f6nnen nicht nachgeholt werden und berechtigen zu keinem Preisnachlass<\/span><\/p>\n<p><span style=\"color: #000000;\"><strong>Durchf\u00fchrung<\/strong><\/span><\/p>\n<p><span style=\"color: #000000;\">Wir behalten uns vor bei ungen\u00fcgender Teilnehmerzahl den Kurs abzusagen, ebenso bei einem Ausfall der Schwimmlehrperson oder des Bades.<\/span><\/p>\n<p><span style=\"color: #000000;\">Der Kurs kann ohne Vorank\u00fcndigung bei einem Ausfall der Schwimmlehrperson wegen Krankheit oder Abwesenheit an eine andere Schwimmlehrperson \u00fcbertragen werden<\/span><\/p>\n<p><span style=\"color: #000000;\"><strong>Kurse und Baderegeln<\/strong><\/span><\/p>\n<p><span style=\"color: #000000;\">Die Anweisungen der Kursleitung sind strickt Folge zu leisten<\/span><\/p>\n<p><span style=\"color: #000000;\">F\u00fcr Baby und Kleinkinder ist das Tragen von Badewindeln obligatorisch.<\/span><\/p>\n<p><span style=\"color: #000000;\">Bei Verschmutzung des Badewassers und\/oder Infrastruktur haften die Eltern f\u00fcr Sch\u00e4den und Wiederherstellungskosten.<\/span><\/p>\n<p><span style=\"color: #000000;\">Es gelten die Vorgaben des Hallenbad Rothrist und m\u00fcssen absolut eingehalten werden<\/span><\/p>\n<p><span style=\"color: #000000;\"><strong>Versicherung<\/strong><\/span><\/p>\n<p><span style=\"color: #000000;\">Die Versicherung ist Sache der Teilnehmer. Ohne einen Gegenbericht gehen wir davon aus, dass Sie und Ihr Kind gesund sind.<\/span><\/p>\n<p><span style=\"color: #000000;\">Teilnehmer mit gesundheitlichen Problemen sind insbesondere f\u00fcr das Einholen einer \u00e4rztlichen Tauglichkeitsbescheinigung vor Kursbeginn verantwortlich. Dieses Arztzeugnis muss der Kursleitung am 1. Kurstag abgegeben werden Das Benutzen der Anlage erfolgt auf eigene Gefahr.<\/span><\/p>\n<p><span style=\"color: #000000;\">F\u00fcr entstandene Sch\u00e4den, Diebstahl und Verlust von Gegenst\u00e4nden kann weder die Schwimmschule Rothrist noch der Schwimmbad-Vermieter oder die Schwimmkurslehrperson haftbar gemacht werden<\/span><\/p>\n<p><span style=\"color: #000000;\">Die Eltern sind f\u00fcr Ihr Kind vollumf\u00e4nglich verantwortlich<\/span><\/p>\n<p><span style=\"color: #000000;\"><strong>Sicherheit im Hallenbad \/ Freibad<\/strong><\/span><\/p>\n<p><span style=\"color: #000000;\">Die Eltern tragen unmittelbar vor und nach der Kurslektion die volle Verantwortung f\u00fcr Ihr Kind. Die Eltern \u00fcbergeben die Kinder beim Treffpunkt und holen Sie dort p\u00fcnktlich wieder ab.<\/span><\/p>\n<p><span style=\"color: #000000;\">Die Schwimmlehrperson ist w\u00e4hrend der Kurszeit f\u00fcr das angemeldete Kind verantwortlich<\/span><\/p>\n<p><span style=\"color: #000000;\">Die Aufsichtspflicht der Schwimmlehrperson endet nach der Verabschiedung der Schwimmkurse<\/span><\/p>\n<p><span style=\"color: #000000;\"><strong>Gerichtsstand<\/strong><\/span><\/p>\n<p><span style=\"color: #000000;\">F\u00fcr alle Rechtsbeziehungen mit der Schwimmschule Rothrist ist das Schweizer Recht anwendbar. Gerichtsstand ist Zofingen.<\/span><\/p>\n<p><span style=\"color: #000000;\"><!-- \/wp:paragraph --><!-- wp:paragraph --><\/span><\/p>\n<p><span style=\"color: #000000;\">Rothrist, 01.06.2020<\/span><\/p>\n<p><!-- \/wp:paragraph --><\/p>\t\t\t\t\t\t\t\t<\/div>\n\t\t\t\t<\/div>\n\t\t\t\t\t<\/div>\n\t\t<\/div>\n\t\t\t\t\t<\/div>\n\t\t<\/section>\n\t\t\t\t<\/div>\n\t\t","protected":false},"excerpt":{"rendered":"<p>Allgemeine Gesch\u00e4ftsbedingungen Kursanmeldungen Die Anmeldung erfolgt \u00fcber unsere Home Page und werden als verbindlich betrachtet. Die Pl\u00e4tze werden nach Eingang ber\u00fccksichtigt solange freie Pl\u00e4tze vorhanden sind. Die definitive Kursbest\u00e4tigung mit den Schwimmzeiten und die Rechnung erhalten sie sp\u00e4testens 14 Tage vor Kursbeginn per Mail \/ Post. Der Kursplatz lautet auf das angemeldete Kind \/ den &hellip; <\/p>\n<p class=\"link-more\"><a href=\"https:\/\/schwimmschulerothrist.ch\/?page_id=497\" class=\"more-link\"><span class=\"screen-reader-text\">\u201eAGB\u201c <\/span>weiterlesen<\/a><\/p>\n","protected":false},"author":1,"featured_media":0,"parent":0,"menu_order":0,"comment_status":"closed","ping_status":"closed","template":"","meta":{"footnotes":""},"class_list":["post-497","page","type-page","status-publish","hentry"],"_links":{"self":[{"href":"https:\/\/schwimmschulerothrist.ch\/index.php?rest_route=\/wp\/v2\/pages\/497","targetHints":{"allow":["GET"]}}],"collection":[{"href":"https:\/\/schwimmschulerothrist.ch\/index.php?rest_route=\/wp\/v2\/pages"}],"about":[{"href":"https:\/\/schwimmschulerothrist.ch\/index.php?rest_route=\/wp\/v2\/types\/page"}],"author":[{"embeddable":true,"href":"https:\/\/schwimmschulerothrist.ch\/index.php?rest_route=\/wp\/v2\/users\/1"}],"replies":[{"embeddable":true,"href":"https:\/\/schwimmschulerothrist.ch\/index.php?rest_route=%2Fwp%2Fv2%2Fcomments&post=497"}],"version-history":[{"count":37,"href":"https:\/\/schwimmschulerothrist.ch\/index.php?rest_route=\/wp\/v2\/pages\/497\/revisions"}],"predecessor-version":[{"id":1363,"href":"https:\/\/schwimmschulerothrist.ch\/index.php?rest_route=\/wp\/v2\/pages\/497\/revisions\/1363"}],"wp:attachment":[{"href":"https:\/\/schwimmschulerothrist.ch\/index.php?rest_route=%2Fwp%2Fv2%2Fmedia&parent=497"}],"curies":[{"name":"wp","href":"https:\/\/api.w.org\/{rel}","templated":true}]}}