{"id":93,"date":"2018-06-30T20:55:11","date_gmt":"2018-06-30T20:55:11","guid":{"rendered":"https:\/\/joel.koenig-rothrist.ch\/?page_id=93"},"modified":"2022-06-12T13:42:15","modified_gmt":"2022-06-12T11:42:15","slug":"kursort","status":"publish","type":"page","link":"https:\/\/schwimmschulerothrist.ch\/?page_id=93","title":{"rendered":"Hallen- und Freibad Stampfi Rothrist"},"content":{"rendered":"\t\t<div data-elementor-type=\"wp-post\" data-elementor-id=\"93\" class=\"elementor elementor-93\" data-elementor-post-type=\"page\">\n\t\t\t\t\t\t<section class=\"elementor-section elementor-top-section elementor-element elementor-element-19064256 elementor-section-boxed elementor-section-height-default elementor-section-height-default\" data-id=\"19064256\" data-element_type=\"section\" data-e-type=\"section\">\n\t\t\t\t\t\t<div class=\"elementor-container elementor-column-gap-default\">\n\t\t\t\t\t<div class=\"elementor-column elementor-col-100 elementor-top-column elementor-element elementor-element-1804d7a2\" data-id=\"1804d7a2\" data-element_type=\"column\" data-e-type=\"column\">\n\t\t\t<div class=\"elementor-widget-wrap elementor-element-populated\">\n\t\t\t\t\t\t<div class=\"elementor-element elementor-element-35ef6b13 elementor-widget elementor-widget-text-editor\" data-id=\"35ef6b13\" data-element_type=\"widget\" data-e-type=\"widget\" data-widget_type=\"text-editor.default\">\n\t\t\t\t<div class=\"elementor-widget-container\">\n\t\t\t\t\t\t\t\t\t<p><span style=\"font-size: 1rem; color: #000000;\">Das Hallenbad, in dem unsere Schwimmkurse durchgef\u00fchrt werden, bietet viel Infrastruktur f\u00fcr einen spannenden und lehrreichen Schwimmunterricht:<\/span><\/p><p><span style=\"color: #000000;\">Ein 25-Meter-Becken mit f\u00fcnf Schwimmbahnen mit einer Wassertemperatur von 28 Grad Celsius, ein Nichtschwimmerbecken f\u00fcr Kinder 30 Grad Celsius, eine lange Rutschbahn. Zudem ein Kleinkinderbereich mit einer Wassertemperatur von 33 Grad Celsius. Die Lufttemperatur betr\u00e4gt 30 Grad Celsius.<\/span><\/p><p><span style=\"color: #000000;\">Durch zus\u00e4tzliche Einrichtungen wie Sauna, Whirlpool, Rutschbahn und Kletterwand wird die Attraktivit\u00e4t des Hallen- und Freibad massiv gesteigert.<\/span><\/p><p><span style=\"color: #000000;\">Zu erreichen ist das Hallenbad mit dem Auto von Olten oder Zofingen aus in weniger als 10 Minuten.<\/span><\/p><p class=\"MsoNormal\"><span style=\"color: #000000;\">Gratisparkpl\u00e4tze vor dem Hallenbad<\/span><\/p><p><span style=\"color: #000000;\">Hallen- und Freibad<\/span><br \/><span style=\"color: #000000;\">Stampfiweg 1<\/span><br \/><span style=\"color: #000000;\">4852 Rothrist AG<\/span><br \/><span style=\"color: #000000;\">Tel. 062 794 11<\/span><\/p>\t\t\t\t\t\t\t\t<\/div>\n\t\t\t\t<\/div>\n\t\t\t\t\t<\/div>\n\t\t<\/div>\n\t\t\t\t\t<\/div>\n\t\t<\/section>\n\t\t\t\t<section class=\"elementor-section elementor-top-section elementor-element elementor-element-949fb28 elementor-section-boxed elementor-section-height-default elementor-section-height-default\" data-id=\"949fb28\" data-element_type=\"section\" data-e-type=\"section\">\n\t\t\t\t\t\t<div class=\"elementor-container elementor-column-gap-default\">\n\t\t\t\t\t<div class=\"elementor-column elementor-col-100 elementor-top-column elementor-element elementor-element-e3629f4\" data-id=\"e3629f4\" data-element_type=\"column\" data-e-type=\"column\">\n\t\t\t<div class=\"elementor-widget-wrap elementor-element-populated\">\n\t\t\t\t\t\t<div class=\"elementor-element elementor-element-c85eef7 elementor-widget elementor-widget-google_maps\" data-id=\"c85eef7\" data-element_type=\"widget\" data-e-type=\"widget\" data-widget_type=\"google_maps.default\">\n\t\t\t\t<div class=\"elementor-widget-container\">\n\t\t\t\t\t\t\t<div class=\"elementor-custom-embed\">\n\t\t\t<iframe loading=\"lazy\"\n\t\t\t\t\tsrc=\"https:\/\/maps.google.com\/maps?q=Hallen-%20und%20Freibad%20Stampfiweg%201%204852%20Rothrist%20AG&#038;t=m&#038;z=15&#038;output=embed&#038;iwloc=near\"\n\t\t\t\t\ttitle=\"Hallen- und Freibad Stampfiweg 1 4852 Rothrist AG\"\n\t\t\t\t\taria-label=\"Hallen- und Freibad Stampfiweg 1 4852 Rothrist AG\"\n\t\t\t><\/iframe>\n\t\t<\/div>\n\t\t\t\t\t\t<\/div>\n\t\t\t\t<\/div>\n\t\t\t\t\t<\/div>\n\t\t<\/div>\n\t\t\t\t\t<\/div>\n\t\t<\/section>\n\t\t\t\t<\/div>\n\t\t","protected":false},"excerpt":{"rendered":"<p>Das Hallenbad, in dem unsere Schwimmkurse durchgef\u00fchrt werden, bietet viel Infrastruktur f\u00fcr einen spannenden und lehrreichen Schwimmunterricht: Ein 25-Meter-Becken mit f\u00fcnf Schwimmbahnen mit einer Wassertemperatur von 28 Grad Celsius, ein Nichtschwimmerbecken f\u00fcr Kinder 30 Grad Celsius, eine lange Rutschbahn. Zudem ein Kleinkinderbereich mit einer Wassertemperatur von 33 Grad Celsius. Die Lufttemperatur betr\u00e4gt 30 Grad Celsius. &hellip; <\/p>\n<p class=\"link-more\"><a href=\"https:\/\/schwimmschulerothrist.ch\/?page_id=93\" class=\"more-link\"><span class=\"screen-reader-text\">\u201eHallen- und Freibad Stampfi Rothrist\u201c <\/span>weiterlesen<\/a><\/p>\n","protected":false},"author":1,"featured_media":0,"parent":0,"menu_order":0,"comment_status":"closed","ping_status":"closed","template":"","meta":{"footnotes":""},"class_list":["post-93","page","type-page","status-publish","hentry"],"_links":{"self":[{"href":"https:\/\/schwimmschulerothrist.ch\/index.php?rest_route=\/wp\/v2\/pages\/93","targetHints":{"allow":["GET"]}}],"collection":[{"href":"https:\/\/schwimmschulerothrist.ch\/index.php?rest_route=\/wp\/v2\/pages"}],"about":[{"href":"https:\/\/schwimmschulerothrist.ch\/index.php?rest_route=\/wp\/v2\/types\/page"}],"author":[{"embeddable":true,"href":"https:\/\/schwimmschulerothrist.ch\/index.php?rest_route=\/wp\/v2\/users\/1"}],"replies":[{"embeddable":true,"href":"https:\/\/schwimmschulerothrist.ch\/index.php?rest_route=%2Fwp%2Fv2%2Fcomments&post=93"}],"version-history":[{"count":16,"href":"https:\/\/schwimmschulerothrist.ch\/index.php?rest_route=\/wp\/v2\/pages\/93\/revisions"}],"predecessor-version":[{"id":2060,"href":"https:\/\/schwimmschulerothrist.ch\/index.php?rest_route=\/wp\/v2\/pages\/93\/revisions\/2060"}],"wp:attachment":[{"href":"https:\/\/schwimmschulerothrist.ch\/index.php?rest_route=%2Fwp%2Fv2%2Fmedia&parent=93"}],"curies":[{"name":"wp","href":"https:\/\/api.w.org\/{rel}","templated":true}]}}